{"id":32,"date":"2023-06-08T09:38:47","date_gmt":"2023-06-08T09:38:47","guid":{"rendered":"https:\/\/4ddynamicearth.tudelft.nl\/?page_id=32"},"modified":"2025-03-18T08:54:02","modified_gmt":"2025-03-18T08:54:02","slug":"results","status":"publish","type":"page","link":"https:\/\/4ddynamicearth.tudelft.nl\/index.php\/results\/","title":{"rendered":"Results"},"content":{"rendered":"<p><strong>Conferences<\/strong><\/p>\n<p>Afonso, J., Zhang, A., Burcet, M., Oliveira, B., Handley, H., and Kl\u00f6cking, M.: &#8216;G-cubed&#8217; joint inversions for the thermochemical environment and melting regime beneath intra-plate volcanic regions, EGU General Assembly 2023, Vienna, Austria, 23\u201328 Apr 2023, EGU23-15626, https:\/\/doi.org\/10.5194\/egusphere-egu23-15626, 2023.<\/p>\n<p>Bonadio, R., Lebedev, S., Chew, D., Grannell, J., Arroucau, P., Agostinetti, N. P., Bean, C. J.: What controls seismicity of Ireland and Britain? What controlled their Paleogene volcanism and uplift? Talk, 4 March, IGRM 2023, 3-5 March, Belfast, United Kingdom<\/p>\n<p>Bonadio, R., Lebedev, S., and Chew, D.: Lithospheric control on the Paleogene uplift and volcanism in Ireland and Britain, EGU General Assembly 2023, Vienna, Austria, 24\u201328 Apr 2023, EGU23-7579, https:\/\/doi.org\/10.5194\/egusphere-egu23-7579, 2023.<\/p>\n<p>Chambers, E., Xu, Y., Bonadio, R., Fullea, J., Lebedev, S., Kiyan, D., O&#8217;Reilly, B., Bean, C. J., Meere, P., Rezaeifar, M., Ye, T., Scully, A., Tomar, G., and the DIG team, Mapping Ireland&#8217;s subsurface Temperature: De-risking Ireland&#8217;s Geothermal Potential (DIG), talk, 4 March, IGRM 2023, 3-5 March, Belfast, United Kingdom<\/p>\n<p>Chambers, E., Xu, Y., Bonadio, R., Fullea, J., Lebedev, S., Kiyan, D., O&#8217;Reilly, B., Meere, P., Rezaeifar, M., Ye, T., Scully, A., and Tomar, G. and the DIG Team: Developing Joint Geophysical and Petrological Inversion to Determine Temperature and Image the Lithosphere and Asthenosphere: De-risking Ireland&#8217;s Geothermal Potential (DIG), talk, Thu, 27 Apr, EGU General Assembly 2023, Vienna, Austria, 23-28 Apr 2023, EGU23-6864, https:\/\/doi.org\/10.5194\/egusphere-egu23-6864, 2023.<\/p>\n<p>Chambers, E., Fullea, J., Lebedev, S., Kiyan, D., O&#8217;Reilly, B., Bean, C., Meere, Y., Xu, Y., Bonadio, R., Rezaeifar, M., Ye, T., and Scully, A.: Mapping Ireland&#8217;s subsurface temperature: De-risking Ireland&#8217;s Geothermal energy potential (DIG), IUGG23-2878, talk, 17 July, 28th IUGG General Assembly, Berlin, Germany, 11-20 July 2023.<\/p>\n<p>Civiero, C., Lebedev, S., and Celli, N. L.: Dispersed East Africa-Arabia volcanism fed by a star-shaped mantle plume head, EGU General Assembly 2023, Vienna, Austria, 24\u201328 Apr 2023, EGU23-8343, https:\/\/doi.org\/10.5194\/egusphere-egu23-8343, 2023.<\/p>\n<p>Conrad, C. P., and Ramirez, F.: Effect of Lateral Viscosity Variations in the Mantle on Earth\u2019s Long-Wavelength Dynamic Topography and Free-Air Gravity, AGU Fall Meeting, New Orleans, USA, Dec. 2023.<\/p>\n<p>Conrad, C. P., and Ramirez, F.: Sensitivity of Long-Wavelength Dynamic Topography and Free-Air Gravity to Lateral Variations in Lower Mantle Viscosity, EGU General Assembly, Vienna, Austria, April 2024.<\/p>\n<p>Dave, R., Darbyshire, F. A., Afonso, J.C.: <a href=\"https:\/\/ui.adsabs.harvard.edu\/abs\/2023AGUFM.T13B..03D\/abstract\">Implications for the Preservation of Superior Craton from Thermochemical Models utilizing Multi-Observable Probabilistic Inversion<\/a>, AGU Fall Meeting Abstracts, T13B-03, 2023.<\/p>\n<p>Davison, F., Lebedev, S., Xu, Y., Fullea, J., and Gibson, S.: The Case of the Missing Diamonds: New global and regional thermo-compositional models of cratonic lithosphere, EGU General Assembly 2023, Vienna, Austria, 24\u201328 Apr 2023, EGU23-6733, https:\/\/doi.org\/10.5194\/egusphere-egu23-6733, 2023.<\/p>\n<p>El-Sharkawy, A., Hansteen, T. H., Clemente-Gomez, C., Fullea, J., Lebedev, S., and Meier, T.: Shallow Asthenospheric Volumes Beneath Cenozoic Volcanic Provinces in the Circum-Mediterranean: Evidence From Seismic Tomography And Integrated Geophysical-Petrological Thermochemical Modelling, talk, Mon, 24 Apr, EGU General Assembly 2023, Vienna, Austria, 23-28 Apr 2023, EGU23-8412, https:\/\/doi.org\/10.5194\/egusphere-egu23-8412, 2023.<\/p>\n<p>G\u00f3mez-Garc\u00eda, A. M., Jim\u00e9nez-Munt, I., Root, B., and Scheck-Wenderoth, M.: A 3D gravity-consistent model of the southern San Andreas Fault system, GeoBerlin conference 2023, Berlin, Germany, 3-7 Sept 2023, ID 434.<\/p>\n<p>Lebedev, S., Xu, Y., Davison, F., and Fullea, J.: Continental lithosphere and its interactions with the asthenosphere: New insights from seismic imaging and petrological inversion, EGU General Assembly 2023, Vienna, Austria, 24\u201328 Apr 2023, EGU23-7113, https:\/\/doi.org\/10.5194\/egusphere-egu23-7113, 2023.<\/p>\n<p>Lebedev, S., Xu, Y., Davison, F., Fullea, J.: Seismic thermography, Invited Talk, 14 July, IUGG23-4106, 28th IUGG General Assembly, Berlin, Germany, 11-20 July 2023.<\/p>\n<p>Lebedev, S., Xu, Y., Davison, F., Bonadio, R., Fullea, J.: Seismic Thermography, MR31B-0078,\u00a0 Poster, Wednesday, 13 December 2023, American Geophysical Union Fall Meeting, 11-15 December 2023.<\/p>\n<p>Lebedev, S., Grannell, J., Arroucau, P., Bonadio, R., Agostinetti, N. P., and Bean, C, J.: How the Thickness of the Lithosphere Controls Intraplate Seismicity: A Britain and Ireland Case Study, S32B-08, Talk, Wednesday, 13 December 2023, American Geophysical Union Fall Meeting, 11-15 December 2023.<\/p>\n<p>Ortega-Gelabert, O., Fullea, J., Arnaiz-Rodr\u00edguez, M. S., and Zlotnik, S.: Dynamic topography and satellite gravity data joint inversion using Reduced Order Models (DYGIRO), EGU General Assembly 2023, Vienna, Austria, 24\u201328 Apr 2023, EGU23-15494, https:\/\/doi.org\/10.5194\/egusphere-egu23-15494, 2023.<\/p>\n<p>Ramirez, F., Selway, K., Conrad, C., Smirnov, M., and Maupin, V.: Lateral and radial viscosity variations beneath Fennoscandia inferred from seismic and MT observations, EGU General Assembly 2023, Vienna, Austria, 24\u201328 Apr 2023, EGU23-15597, https:\/\/doi.org\/10.5194\/egusphere-egu23-15597, 2023.<\/p>\n<p>van der Wal, W., Fullea, J., Ortega, O., Schrama, E., and Root, B.: GRACE and GRACE-FO constraints on 3D GIA models, GRACE\/GRACE-FO Science Team Meeting, Potsdam, Germany, 8-10 October 2024.<\/p>\n<p>Xu, Y., Lebedev, S., Civiero, C., and Fullea, J.: Global and tectonic-type physical reference models of the upper mantle, EGU General Assembly 2023, Vienna, Austria, 24\u201328 Apr 2023, EGU23-5459, https:\/\/doi.org\/10.5194\/egusphere-egu23-5459, 2023.<\/p>\n<p>&nbsp;<\/p>\n<p><strong>Papers<\/strong><\/p>\n<p>Civiero, C., <strong>S. Lebedev<\/strong>, Y. Xu, R. Bonadio, F. Lavoue. Toward tectonic-type and global 1D seismic models of the upper mantle constrained by broadband surface waves, <em>Bulletin of the Seismological Society of America, &#8220;Modern Seismic Tomography&#8221; Special Section,<\/em> 114, 1321-1346, https:\/\/doi.org\/10.1785\/0120230295, 2024. <a href=\"https:\/\/pubs.geoscienceworld.org\/ssa\/bssa\/article\/doi\/10.1785\/0120230295\/638328\/Toward-Tectonic-Type-and-Global-1D-Seismic-Models\">HTML<\/a> or <a href=\"https:\/\/homepages.dias.ie\/~sergei\/reprints\/Civiero_et_al_BSSA2024.pdf\">PDF<\/a>.<\/p>\n<p>Dave, R., Darbyshire, F., Afonso, J.C., Fomin, I. Thermochemical structure of the Superior craton and environs: Implications for the evolution and preservation of cratonic lithosphere, G-cubed, 25, e2024GC011454, 2024.<\/p>\n<p>Dou, H., Y. Xu, <strong>S. Lebedev<\/strong>, B. Chagas de Melo, R. D. van der Hilst, B. Wang, W. Wang. The upper mantle beneath Asia from seismic tomography, with inferences for the mechanisms of tectonics, seismicity, and magmatism, <em>Earth-Science Reviews,<\/em> 255, 104841, https:\/\/doi.org\/10.1016\/j.earscirev.2024.104841, 2024. <a href=\"https:\/\/www.sciencedirect.com\/science\/article\/pii\/S0012825224001685\">HTML &amp; PDF<\/a><\/p>\n<p>Farshad Salajegheh, Juan Carlos Afonso, Alexander Minakov, Parviz Ajourlou, Carmen Gaina, Olga Ortega-Galabert (2024), The lithosphere-asthenosphere system beneath the North Atlantic and surroundings: results from multi-observable probabilistic inversions. Accepted with minor revisions in G-cubed<\/p>\n<p>Fomin, I., Afonso, J.C., Gorbatov, A., et al. Multi-observable Thermochemical Tomography: new advances and applications to the Superior and North Australian cratons. ESS Open Archive . July 11. DOI: 10.22541\/essoar.172070620.01240765\/v1, 2024.<\/p>\n<p><strong>Lebedev, S.<\/strong>, J. Fullea, Y. Xu, R. Bonadio. Seismic Thermography, <em>Bulletin of the Seismological Society of America, &#8220;Modern Seismic Tomography&#8221; Special Section,<\/em> 114, 1227-1242, https:\/\/doi.org\/10.1785\/0120230245, 2024. <a href=\"https:\/\/pubs.geoscienceworld.org\/ssa\/bssa\/article-abstract\/doi\/10.1785\/0120230245\/633538\/Seismic-Thermography\">HTML<\/a> or <a href=\"https:\/\/homepages.dias.ie\/~sergei\/reprints\/Lebedev_et_al_BSSA2024.pdf\">PDF<\/a>.<\/p>\n<p>Levin, V., <strong>S. Lebedev<\/strong>, J. Fullea, Y. Li, X. Chen. Defining continental lithosphere as a layer with abundant frozen-in structures that scatter seismic waves, <em>J. Geophys. Res.,<\/em> 128, e2022JB026309, https:\/\/doi.org\/10.1029\/2022JB026309, 2023. <a href=\"https:\/\/agupubs.onlinelibrary.wiley.com\/doi\/10.1029\/2022JB026309\">HTML<\/a> or <a href=\"https:\/\/homepages.dias.ie\/~sergei\/reprints\/Levin_et_al_JGR2023.pdf\">PDF<\/a>.<\/p>\n<p><strong>In the pipeline:<\/strong><\/p>\n<p>Chagas de Melo, B., <strong>S. Lebedev<\/strong>, N.L. Celli, S. Gibson, J.I. de Laat, M. Assumpcao. The lithosphere of South America from seismic tomography: Structure, evolution, and control on tectonics and magmatism, <em>Gondwana Research, GR Focus &#8211; Invited Review,<\/em> in revision.<\/p>\n<p>Chua, E.L., <strong>S. Lebedev<\/strong>. Waveform tomography of the Antarctic Plate, <em>Geophys. <\/em><em>J. Int.,<\/em> in review.<\/p>\n","protected":false},"excerpt":{"rendered":"<p>Conferences Afonso, J., Zhang, A., Burcet, M., Oliveira, B., Handley, H., and Kl\u00f6cking, M.: &#8216;G-cubed&#8217; joint inversions for the thermochemical environment and melting regime beneath intra-plate volcanic regions, EGU General Assembly 2023, Vienna, Austria, 23\u201328 Apr 2023, EGU23-15626, https:\/\/doi.org\/10.5194\/egusphere-egu23-15626, 2023. Bonadio, R., Lebedev, S., Chew, D., Grannell, J., Arroucau, P., Agostinetti, N. P., Bean, C.&hellip;&nbsp;<a href=\"https:\/\/4ddynamicearth.tudelft.nl\/index.php\/results\/\" rel=\"bookmark\">Read More &raquo;<span class=\"screen-reader-text\">Results<\/span><\/a><\/p>\n","protected":false},"author":2,"featured_media":0,"parent":0,"menu_order":3,"comment_status":"closed","ping_status":"closed","template":"","meta":{"neve_meta_sidebar":"","neve_meta_container":"","neve_meta_enable_content_width":"off","neve_meta_content_width":100,"neve_meta_title_alignment":"","neve_meta_author_avatar":"","neve_post_elements_order":"","neve_meta_disable_header":"","neve_meta_disable_footer":"","neve_meta_disable_title":"","footnotes":""},"class_list":["post-32","page","type-page","status-publish","hentry"],"_links":{"self":[{"href":"https:\/\/4ddynamicearth.tudelft.nl\/index.php\/wp-json\/wp\/v2\/pages\/32","targetHints":{"allow":["GET"]}}],"collection":[{"href":"https:\/\/4ddynamicearth.tudelft.nl\/index.php\/wp-json\/wp\/v2\/pages"}],"about":[{"href":"https:\/\/4ddynamicearth.tudelft.nl\/index.php\/wp-json\/wp\/v2\/types\/page"}],"author":[{"embeddable":true,"href":"https:\/\/4ddynamicearth.tudelft.nl\/index.php\/wp-json\/wp\/v2\/users\/2"}],"replies":[{"embeddable":true,"href":"https:\/\/4ddynamicearth.tudelft.nl\/index.php\/wp-json\/wp\/v2\/comments?post=32"}],"version-history":[{"count":5,"href":"https:\/\/4ddynamicearth.tudelft.nl\/index.php\/wp-json\/wp\/v2\/pages\/32\/revisions"}],"predecessor-version":[{"id":1077,"href":"https:\/\/4ddynamicearth.tudelft.nl\/index.php\/wp-json\/wp\/v2\/pages\/32\/revisions\/1077"}],"wp:attachment":[{"href":"https:\/\/4ddynamicearth.tudelft.nl\/index.php\/wp-json\/wp\/v2\/media?parent=32"}],"curies":[{"name":"wp","href":"https:\/\/api.w.org\/{rel}","templated":true}]}}